{"id":2853,"date":"2024-01-10T10:37:49","date_gmt":"2024-01-10T07:37:49","guid":{"rendered":"https:\/\/fikrinevi.com\/what-we-did\/corporate-identity\/"},"modified":"2025-11-26T14:42:36","modified_gmt":"2025-11-26T11:42:36","slug":"corporate-identity","status":"publish","type":"page","link":"https:\/\/fikrinevi.com\/en\/what-we-did\/corporate-identity\/","title":{"rendered":"Corporate Identity"},"content":{"rendered":"\t\t<div data-elementor-type=\"wp-page\" data-elementor-id=\"2853\" class=\"elementor elementor-2853 elementor-1273\" data-elementor-post-type=\"page\">\n\t\t\t\t<div class=\"elementor-element elementor-element-32fcab3 e-flex e-con-boxed e-con e-parent\" data-id=\"32fcab3\" data-element_type=\"container\" data-e-type=\"container\" data-settings=\"{&quot;background_background&quot;:&quot;classic&quot;}\">\n\t\t\t\t\t<div class=\"e-con-inner\">\n\t\t<div class=\"elementor-element elementor-element-b13c566 e-con-full e-flex e-con e-child\" data-id=\"b13c566\" data-element_type=\"container\" data-e-type=\"container\">\n\t\t\t\t<div class=\"elementor-element elementor-element-ba74367 elementor-widget elementor-widget-gallery\" data-id=\"ba74367\" data-element_type=\"widget\" data-e-type=\"widget\" data-settings=\"{&quot;gallery_layout&quot;:&quot;justified&quot;,&quot;lazyload&quot;:&quot;yes&quot;,&quot;ideal_row_height&quot;:{&quot;unit&quot;:&quot;px&quot;,&quot;size&quot;:200,&quot;sizes&quot;:[]},&quot;ideal_row_height_tablet&quot;:{&quot;unit&quot;:&quot;px&quot;,&quot;size&quot;:150,&quot;sizes&quot;:[]},&quot;ideal_row_height_mobile&quot;:{&quot;unit&quot;:&quot;px&quot;,&quot;size&quot;:150,&quot;sizes&quot;:[]},&quot;gap&quot;:{&quot;unit&quot;:&quot;px&quot;,&quot;size&quot;:10,&quot;sizes&quot;:[]},&quot;gap_tablet&quot;:{&quot;unit&quot;:&quot;px&quot;,&quot;size&quot;:10,&quot;sizes&quot;:[]},&quot;gap_mobile&quot;:{&quot;unit&quot;:&quot;px&quot;,&quot;size&quot;:10,&quot;sizes&quot;:[]},&quot;link_to&quot;:&quot;file&quot;,&quot;overlay_background&quot;:&quot;yes&quot;,&quot;content_hover_animation&quot;:&quot;fade-in&quot;}\" data-widget_type=\"gallery.default\">\n\t\t\t\t<div class=\"elementor-widget-container\">\n\t\t\t\t\t\t\t<div class=\"elementor-gallery__container\">\n\t\t\t\t\t\t\t<a class=\"e-gallery-item elementor-gallery-item elementor-animated-content\" href=\"https:\/\/fikrinevi.com\/wp-content\/uploads\/2024\/01\/Bia-Jeans-Kartvizit.webp\" data-elementor-open-lightbox=\"yes\" data-elementor-lightbox-slideshow=\"ba74367\" data-elementor-lightbox-title=\"Bia Jeans Kartvizit\" data-e-action-hash=\"#elementor-action%3Aaction%3Dlightbox%26settings%3DeyJpZCI6MTI0MiwidXJsIjoiaHR0cHM6XC9cL2Zpa3JpbmV2aS5jb21cL3dwLWNvbnRlbnRcL3VwbG9hZHNcLzIwMjRcLzAxXC9CaWEtSmVhbnMtS2FydHZpeml0LndlYnAiLCJzbGlkZXNob3ciOiJiYTc0MzY3In0%3D\">\n\t\t\t\t\t<div class=\"e-gallery-image elementor-gallery-item__image\" data-thumbnail=\"https:\/\/fikrinevi.com\/wp-content\/uploads\/2024\/01\/Bia-Jeans-Kartvizit.webp\" data-width=\"1080\" data-height=\"810\" aria-label=\"Bia Jeans Kartvizit\" role=\"img\" ><\/div>\n\t\t\t\t\t\t\t\t\t\t\t<div class=\"elementor-gallery-item__overlay\"><\/div>\n\t\t\t\t\t\t\t\t\t\t\t\t\t\t<\/a>\n\t\t\t\t\t\t\t<a class=\"e-gallery-item elementor-gallery-item elementor-animated-content\" href=\"https:\/\/fikrinevi.com\/wp-content\/uploads\/2024\/01\/Antik-Fermuar-Kartvizit.webp\" data-elementor-open-lightbox=\"yes\" data-elementor-lightbox-slideshow=\"ba74367\" data-elementor-lightbox-title=\"Antik Fermuar Kartvizit\" data-e-action-hash=\"#elementor-action%3Aaction%3Dlightbox%26settings%3DeyJpZCI6MTI2MywidXJsIjoiaHR0cHM6XC9cL2Zpa3JpbmV2aS5jb21cL3dwLWNvbnRlbnRcL3VwbG9hZHNcLzIwMjRcLzAxXC9BbnRpay1GZXJtdWFyLUthcnR2aXppdC53ZWJwIiwic2xpZGVzaG93IjoiYmE3NDM2NyJ9\">\n\t\t\t\t\t<div class=\"e-gallery-image elementor-gallery-item__image\" data-thumbnail=\"https:\/\/fikrinevi.com\/wp-content\/uploads\/2024\/01\/Antik-Fermuar-Kartvizit.webp\" data-width=\"1080\" data-height=\"862\" aria-label=\"Antik Fermuar Kartvizit\" role=\"img\" ><\/div>\n\t\t\t\t\t\t\t\t\t\t\t<div class=\"elementor-gallery-item__overlay\"><\/div>\n\t\t\t\t\t\t\t\t\t\t\t\t\t\t<\/a>\n\t\t\t\t\t\t\t<a class=\"e-gallery-item elementor-gallery-item elementor-animated-content\" href=\"https:\/\/fikrinevi.com\/wp-content\/uploads\/2024\/01\/Akcaoglu-Group-Zarf.webp\" data-elementor-open-lightbox=\"yes\" data-elementor-lightbox-slideshow=\"ba74367\" data-elementor-lightbox-title=\"Ak\u00e7ao\u011flu Group Zarf\" data-e-action-hash=\"#elementor-action%3Aaction%3Dlightbox%26settings%3DeyJpZCI6MTI2MiwidXJsIjoiaHR0cHM6XC9cL2Zpa3JpbmV2aS5jb21cL3dwLWNvbnRlbnRcL3VwbG9hZHNcLzIwMjRcLzAxXC9Ba2Nhb2dsdS1Hcm91cC1aYXJmLndlYnAiLCJzbGlkZXNob3ciOiJiYTc0MzY3In0%3D\">\n\t\t\t\t\t<div class=\"e-gallery-image elementor-gallery-item__image\" data-thumbnail=\"https:\/\/fikrinevi.com\/wp-content\/uploads\/2024\/01\/Akcaoglu-Group-Zarf.webp\" data-width=\"1080\" data-height=\"854\" aria-label=\"Ak\u00e7ao\u011flu Group Zarf\" role=\"img\" ><\/div>\n\t\t\t\t\t\t\t\t\t\t\t<div class=\"elementor-gallery-item__overlay\"><\/div>\n\t\t\t\t\t\t\t\t\t\t\t\t\t\t<\/a>\n\t\t\t\t\t\t\t<a class=\"e-gallery-item elementor-gallery-item elementor-animated-content\" href=\"https:\/\/fikrinevi.com\/wp-content\/uploads\/2024\/01\/Akcaoglu-Group-Teklif-Formu.webp\" data-elementor-open-lightbox=\"yes\" data-elementor-lightbox-slideshow=\"ba74367\" data-elementor-lightbox-title=\"Ak\u00e7ao\u011flu Group Teklif Formu\" data-e-action-hash=\"#elementor-action%3Aaction%3Dlightbox%26settings%3DeyJpZCI6MTI2MSwidXJsIjoiaHR0cHM6XC9cL2Zpa3JpbmV2aS5jb21cL3dwLWNvbnRlbnRcL3VwbG9hZHNcLzIwMjRcLzAxXC9Ba2Nhb2dsdS1Hcm91cC1UZWtsaWYtRm9ybXUud2VicCIsInNsaWRlc2hvdyI6ImJhNzQzNjcifQ%3D%3D\">\n\t\t\t\t\t<div class=\"e-gallery-image elementor-gallery-item__image\" data-thumbnail=\"https:\/\/fikrinevi.com\/wp-content\/uploads\/2024\/01\/Akcaoglu-Group-Teklif-Formu.webp\" data-width=\"1080\" data-height=\"950\" aria-label=\"Ak\u00e7ao\u011flu Group Teklif Formu\" role=\"img\" ><\/div>\n\t\t\t\t\t\t\t\t\t\t\t<div class=\"elementor-gallery-item__overlay\"><\/div>\n\t\t\t\t\t\t\t\t\t\t\t\t\t\t<\/a>\n\t\t\t\t\t\t\t<a class=\"e-gallery-item elementor-gallery-item elementor-animated-content\" href=\"https:\/\/fikrinevi.com\/wp-content\/uploads\/2024\/01\/Akcaoglu-Group-Kartvizit.webp\" data-elementor-open-lightbox=\"yes\" data-elementor-lightbox-slideshow=\"ba74367\" data-elementor-lightbox-title=\"Ak\u00e7ao\u011flu Group Kartvizit\" data-e-action-hash=\"#elementor-action%3Aaction%3Dlightbox%26settings%3DeyJpZCI6MTI2MCwidXJsIjoiaHR0cHM6XC9cL2Zpa3JpbmV2aS5jb21cL3dwLWNvbnRlbnRcL3VwbG9hZHNcLzIwMjRcLzAxXC9Ba2Nhb2dsdS1Hcm91cC1LYXJ0dml6aXQud2VicCIsInNsaWRlc2hvdyI6ImJhNzQzNjcifQ%3D%3D\">\n\t\t\t\t\t<div class=\"e-gallery-image elementor-gallery-item__image\" data-thumbnail=\"https:\/\/fikrinevi.com\/wp-content\/uploads\/2024\/01\/Akcaoglu-Group-Kartvizit.webp\" data-width=\"1080\" data-height=\"788\" aria-label=\"Ak\u00e7ao\u011flu Group Kartvizit\" role=\"img\" ><\/div>\n\t\t\t\t\t\t\t\t\t\t\t<div class=\"elementor-gallery-item__overlay\"><\/div>\n\t\t\t\t\t\t\t\t\t\t\t\t\t\t<\/a>\n\t\t\t\t\t\t\t<a class=\"e-gallery-item elementor-gallery-item elementor-animated-content\" href=\"https:\/\/fikrinevi.com\/wp-content\/uploads\/2024\/01\/Akcaoglu-Group-Cepli-Dosya.webp\" data-elementor-open-lightbox=\"yes\" data-elementor-lightbox-slideshow=\"ba74367\" data-elementor-lightbox-title=\"Ak\u00e7ao\u011flu Group Cepli Dosya\" data-e-action-hash=\"#elementor-action%3Aaction%3Dlightbox%26settings%3DeyJpZCI6MTI1OSwidXJsIjoiaHR0cHM6XC9cL2Zpa3JpbmV2aS5jb21cL3dwLWNvbnRlbnRcL3VwbG9hZHNcLzIwMjRcLzAxXC9Ba2Nhb2dsdS1Hcm91cC1DZXBsaS1Eb3N5YS53ZWJwIiwic2xpZGVzaG93IjoiYmE3NDM2NyJ9\">\n\t\t\t\t\t<div class=\"e-gallery-image elementor-gallery-item__image\" data-thumbnail=\"https:\/\/fikrinevi.com\/wp-content\/uploads\/2024\/01\/Akcaoglu-Group-Cepli-Dosya.webp\" data-width=\"1080\" data-height=\"707\" aria-label=\"Ak\u00e7ao\u011flu Group Cepli Dosya\" role=\"img\" ><\/div>\n\t\t\t\t\t\t\t\t\t\t\t<div class=\"elementor-gallery-item__overlay\"><\/div>\n\t\t\t\t\t\t\t\t\t\t\t\t\t\t<\/a>\n\t\t\t\t\t\t\t<a class=\"e-gallery-item elementor-gallery-item elementor-animated-content\" href=\"https:\/\/fikrinevi.com\/wp-content\/uploads\/2024\/01\/Akcaoglu-Group-Antetli-Kagit.webp\" data-elementor-open-lightbox=\"yes\" data-elementor-lightbox-slideshow=\"ba74367\" data-elementor-lightbox-title=\"Ak\u00e7ao\u011flu Group Antetli Ka\u011f\u0131t\" data-e-action-hash=\"#elementor-action%3Aaction%3Dlightbox%26settings%3DeyJpZCI6MTI1OCwidXJsIjoiaHR0cHM6XC9cL2Zpa3JpbmV2aS5jb21cL3dwLWNvbnRlbnRcL3VwbG9hZHNcLzIwMjRcLzAxXC9Ba2Nhb2dsdS1Hcm91cC1BbnRldGxpLUthZ2l0LndlYnAiLCJzbGlkZXNob3ciOiJiYTc0MzY3In0%3D\">\n\t\t\t\t\t<div class=\"e-gallery-image elementor-gallery-item__image\" data-thumbnail=\"https:\/\/fikrinevi.com\/wp-content\/uploads\/2024\/01\/Akcaoglu-Group-Antetli-Kagit.webp\" data-width=\"1080\" data-height=\"823\" aria-label=\"Ak\u00e7ao\u011flu Group Antetli Ka\u011f\u0131t\" role=\"img\" ><\/div>\n\t\t\t\t\t\t\t\t\t\t\t<div class=\"elementor-gallery-item__overlay\"><\/div>\n\t\t\t\t\t\t\t\t\t\t\t\t\t\t<\/a>\n\t\t\t\t\t\t\t<a class=\"e-gallery-item elementor-gallery-item elementor-animated-content\" href=\"https:\/\/fikrinevi.com\/wp-content\/uploads\/2024\/01\/Sporis-Uye-Kimlik-Karti.webp\" data-elementor-open-lightbox=\"yes\" data-elementor-lightbox-slideshow=\"ba74367\" data-elementor-lightbox-title=\"Sporis \u00dcye Kimlik Kart\u0131\" data-e-action-hash=\"#elementor-action%3Aaction%3Dlightbox%26settings%3DeyJpZCI6MTI1NywidXJsIjoiaHR0cHM6XC9cL2Zpa3JpbmV2aS5jb21cL3dwLWNvbnRlbnRcL3VwbG9hZHNcLzIwMjRcLzAxXC9TcG9yaXMtVXllLUtpbWxpay1LYXJ0aS53ZWJwIiwic2xpZGVzaG93IjoiYmE3NDM2NyJ9\">\n\t\t\t\t\t<div class=\"e-gallery-image elementor-gallery-item__image\" data-thumbnail=\"https:\/\/fikrinevi.com\/wp-content\/uploads\/2024\/01\/Sporis-Uye-Kimlik-Karti.webp\" data-width=\"1080\" data-height=\"902\" aria-label=\"Sporis \u00dcye Kimlik Kart\u0131\" role=\"img\" ><\/div>\n\t\t\t\t\t\t\t\t\t\t\t<div class=\"elementor-gallery-item__overlay\"><\/div>\n\t\t\t\t\t\t\t\t\t\t\t\t\t\t<\/a>\n\t\t\t\t\t\t\t<a class=\"e-gallery-item elementor-gallery-item elementor-animated-content\" href=\"https:\/\/fikrinevi.com\/wp-content\/uploads\/2024\/01\/Sporis-Kartvizit.webp\" data-elementor-open-lightbox=\"yes\" data-elementor-lightbox-slideshow=\"ba74367\" data-elementor-lightbox-title=\"Sporis Kartvizit\" data-e-action-hash=\"#elementor-action%3Aaction%3Dlightbox%26settings%3DeyJpZCI6MTI1NiwidXJsIjoiaHR0cHM6XC9cL2Zpa3JpbmV2aS5jb21cL3dwLWNvbnRlbnRcL3VwbG9hZHNcLzIwMjRcLzAxXC9TcG9yaXMtS2FydHZpeml0LndlYnAiLCJzbGlkZXNob3ciOiJiYTc0MzY3In0%3D\">\n\t\t\t\t\t<div class=\"e-gallery-image elementor-gallery-item__image\" data-thumbnail=\"https:\/\/fikrinevi.com\/wp-content\/uploads\/2024\/01\/Sporis-Kartvizit.webp\" data-width=\"1080\" data-height=\"743\" aria-label=\"Sporis Kartvizit\" role=\"img\" ><\/div>\n\t\t\t\t\t\t\t\t\t\t\t<div class=\"elementor-gallery-item__overlay\"><\/div>\n\t\t\t\t\t\t\t\t\t\t\t\t\t\t<\/a>\n\t\t\t\t\t\t\t<a class=\"e-gallery-item elementor-gallery-item elementor-animated-content\" href=\"https:\/\/fikrinevi.com\/wp-content\/uploads\/2024\/01\/Sporis-Antetli-Kagit.webp\" data-elementor-open-lightbox=\"yes\" data-elementor-lightbox-slideshow=\"ba74367\" data-elementor-lightbox-title=\"Sporis Antetli Ka\u011f\u0131t\" data-e-action-hash=\"#elementor-action%3Aaction%3Dlightbox%26settings%3DeyJpZCI6MTI1NSwidXJsIjoiaHR0cHM6XC9cL2Zpa3JpbmV2aS5jb21cL3dwLWNvbnRlbnRcL3VwbG9hZHNcLzIwMjRcLzAxXC9TcG9yaXMtQW50ZXRsaS1LYWdpdC53ZWJwIiwic2xpZGVzaG93IjoiYmE3NDM2NyJ9\">\n\t\t\t\t\t<div class=\"e-gallery-image elementor-gallery-item__image\" data-thumbnail=\"https:\/\/fikrinevi.com\/wp-content\/uploads\/2024\/01\/Sporis-Antetli-Kagit.webp\" data-width=\"1080\" data-height=\"950\" aria-label=\"Sporis Antetli Ka\u011f\u0131t\" role=\"img\" ><\/div>\n\t\t\t\t\t\t\t\t\t\t\t<div class=\"elementor-gallery-item__overlay\"><\/div>\n\t\t\t\t\t\t\t\t\t\t\t\t\t\t<\/a>\n\t\t\t\t\t\t\t<a class=\"e-gallery-item elementor-gallery-item elementor-animated-content\" href=\"https:\/\/fikrinevi.com\/wp-content\/uploads\/2024\/01\/RC-Zarf.webp\" data-elementor-open-lightbox=\"yes\" data-elementor-lightbox-slideshow=\"ba74367\" data-elementor-lightbox-title=\"R&amp;C Zarf\" data-e-action-hash=\"#elementor-action%3Aaction%3Dlightbox%26settings%3DeyJpZCI6MTI1NCwidXJsIjoiaHR0cHM6XC9cL2Zpa3JpbmV2aS5jb21cL3dwLWNvbnRlbnRcL3VwbG9hZHNcLzIwMjRcLzAxXC9SQy1aYXJmLndlYnAiLCJzbGlkZXNob3ciOiJiYTc0MzY3In0%3D\">\n\t\t\t\t\t<div class=\"e-gallery-image elementor-gallery-item__image\" data-thumbnail=\"https:\/\/fikrinevi.com\/wp-content\/uploads\/2024\/01\/RC-Zarf.webp\" data-width=\"1080\" data-height=\"1065\" aria-label=\"R&amp;C Zarf\" role=\"img\" ><\/div>\n\t\t\t\t\t\t\t\t\t\t\t<div class=\"elementor-gallery-item__overlay\"><\/div>\n\t\t\t\t\t\t\t\t\t\t\t\t\t\t<\/a>\n\t\t\t\t\t\t\t<a class=\"e-gallery-item elementor-gallery-item elementor-animated-content\" href=\"https:\/\/fikrinevi.com\/wp-content\/uploads\/2024\/01\/RC-Kartivizit.webp\" data-elementor-open-lightbox=\"yes\" data-elementor-lightbox-slideshow=\"ba74367\" data-elementor-lightbox-title=\"R&amp;C Kartivizit\" data-e-action-hash=\"#elementor-action%3Aaction%3Dlightbox%26settings%3DeyJpZCI6MTI1MywidXJsIjoiaHR0cHM6XC9cL2Zpa3JpbmV2aS5jb21cL3dwLWNvbnRlbnRcL3VwbG9hZHNcLzIwMjRcLzAxXC9SQy1LYXJ0aXZpeml0LndlYnAiLCJzbGlkZXNob3ciOiJiYTc0MzY3In0%3D\">\n\t\t\t\t\t<div class=\"e-gallery-image elementor-gallery-item__image\" data-thumbnail=\"https:\/\/fikrinevi.com\/wp-content\/uploads\/2024\/01\/RC-Kartivizit.webp\" data-width=\"1183\" data-height=\"1080\" aria-label=\"R&amp;C Kartivizit\" role=\"img\" ><\/div>\n\t\t\t\t\t\t\t\t\t\t\t<div class=\"elementor-gallery-item__overlay\"><\/div>\n\t\t\t\t\t\t\t\t\t\t\t\t\t\t<\/a>\n\t\t\t\t\t\t\t<a class=\"e-gallery-item elementor-gallery-item elementor-animated-content\" href=\"https:\/\/fikrinevi.com\/wp-content\/uploads\/2024\/01\/RC-Antetli-Kagit.webp\" data-elementor-open-lightbox=\"yes\" data-elementor-lightbox-slideshow=\"ba74367\" data-elementor-lightbox-title=\"R&amp;C Antetli Ka\u011f\u0131t\" data-e-action-hash=\"#elementor-action%3Aaction%3Dlightbox%26settings%3DeyJpZCI6MTI1MiwidXJsIjoiaHR0cHM6XC9cL2Zpa3JpbmV2aS5jb21cL3dwLWNvbnRlbnRcL3VwbG9hZHNcLzIwMjRcLzAxXC9SQy1BbnRldGxpLUthZ2l0LndlYnAiLCJzbGlkZXNob3ciOiJiYTc0MzY3In0%3D\">\n\t\t\t\t\t<div class=\"e-gallery-image elementor-gallery-item__image\" data-thumbnail=\"https:\/\/fikrinevi.com\/wp-content\/uploads\/2024\/01\/RC-Antetli-Kagit.webp\" data-width=\"1080\" data-height=\"1141\" aria-label=\"R&amp;C Antetli Ka\u011f\u0131t\" role=\"img\" ><\/div>\n\t\t\t\t\t\t\t\t\t\t\t<div class=\"elementor-gallery-item__overlay\"><\/div>\n\t\t\t\t\t\t\t\t\t\t\t\t\t\t<\/a>\n\t\t\t\t\t\t\t<a class=\"e-gallery-item elementor-gallery-item elementor-animated-content\" href=\"https:\/\/fikrinevi.com\/wp-content\/uploads\/2024\/01\/Pelican-Kahve-Paketi.webp\" data-elementor-open-lightbox=\"yes\" data-elementor-lightbox-slideshow=\"ba74367\" data-elementor-lightbox-title=\"Pelican Kahve Paketi\" data-e-action-hash=\"#elementor-action%3Aaction%3Dlightbox%26settings%3DeyJpZCI6MTI1MSwidXJsIjoiaHR0cHM6XC9cL2Zpa3JpbmV2aS5jb21cL3dwLWNvbnRlbnRcL3VwbG9hZHNcLzIwMjRcLzAxXC9QZWxpY2FuLUthaHZlLVBha2V0aS53ZWJwIiwic2xpZGVzaG93IjoiYmE3NDM2NyJ9\">\n\t\t\t\t\t<div class=\"e-gallery-image elementor-gallery-item__image\" data-thumbnail=\"https:\/\/fikrinevi.com\/wp-content\/uploads\/2024\/01\/Pelican-Kahve-Paketi.webp\" data-width=\"1080\" data-height=\"1036\" aria-label=\"Pelican Kahve Paketi\" role=\"img\" ><\/div>\n\t\t\t\t\t\t\t\t\t\t\t<div class=\"elementor-gallery-item__overlay\"><\/div>\n\t\t\t\t\t\t\t\t\t\t\t\t\t\t<\/a>\n\t\t\t\t\t\t\t<a class=\"e-gallery-item elementor-gallery-item elementor-animated-content\" href=\"https:\/\/fikrinevi.com\/wp-content\/uploads\/2024\/01\/MK-Teknoloji-Zarf.webp\" data-elementor-open-lightbox=\"yes\" data-elementor-lightbox-slideshow=\"ba74367\" data-elementor-lightbox-title=\"MK Teknoloji Zarf\" data-e-action-hash=\"#elementor-action%3Aaction%3Dlightbox%26settings%3DeyJpZCI6MTI1MCwidXJsIjoiaHR0cHM6XC9cL2Zpa3JpbmV2aS5jb21cL3dwLWNvbnRlbnRcL3VwbG9hZHNcLzIwMjRcLzAxXC9NSy1UZWtub2xvamktWmFyZi53ZWJwIiwic2xpZGVzaG93IjoiYmE3NDM2NyJ9\">\n\t\t\t\t\t<div class=\"e-gallery-image elementor-gallery-item__image\" data-thumbnail=\"https:\/\/fikrinevi.com\/wp-content\/uploads\/2024\/01\/MK-Teknoloji-Zarf.webp\" data-width=\"1080\" data-height=\"855\" aria-label=\"MK Teknoloji Zarf\" role=\"img\" ><\/div>\n\t\t\t\t\t\t\t\t\t\t\t<div class=\"elementor-gallery-item__overlay\"><\/div>\n\t\t\t\t\t\t\t\t\t\t\t\t\t\t<\/a>\n\t\t\t\t\t\t\t<a class=\"e-gallery-item elementor-gallery-item elementor-animated-content\" href=\"https:\/\/fikrinevi.com\/wp-content\/uploads\/2024\/01\/MK-Teknoloji-Kartvizit.webp\" data-elementor-open-lightbox=\"yes\" data-elementor-lightbox-slideshow=\"ba74367\" data-elementor-lightbox-title=\"MK Teknoloji Kartvizit\" data-e-action-hash=\"#elementor-action%3Aaction%3Dlightbox%26settings%3DeyJpZCI6MTI0OSwidXJsIjoiaHR0cHM6XC9cL2Zpa3JpbmV2aS5jb21cL3dwLWNvbnRlbnRcL3VwbG9hZHNcLzIwMjRcLzAxXC9NSy1UZWtub2xvamktS2FydHZpeml0LndlYnAiLCJzbGlkZXNob3ciOiJiYTc0MzY3In0%3D\">\n\t\t\t\t\t<div class=\"e-gallery-image elementor-gallery-item__image\" data-thumbnail=\"https:\/\/fikrinevi.com\/wp-content\/uploads\/2024\/01\/MK-Teknoloji-Kartvizit.webp\" data-width=\"1655\" data-height=\"1080\" aria-label=\"MK Teknoloji Kartvizit\" role=\"img\" ><\/div>\n\t\t\t\t\t\t\t\t\t\t\t<div class=\"elementor-gallery-item__overlay\"><\/div>\n\t\t\t\t\t\t\t\t\t\t\t\t\t\t<\/a>\n\t\t\t\t\t\t\t<a class=\"e-gallery-item elementor-gallery-item elementor-animated-content\" href=\"https:\/\/fikrinevi.com\/wp-content\/uploads\/2024\/01\/MK-Teknoloji-Antetli-Kagit.webp\" data-elementor-open-lightbox=\"yes\" data-elementor-lightbox-slideshow=\"ba74367\" data-elementor-lightbox-title=\"MK Teknoloji Antetli Ka\u011f\u0131t\" data-e-action-hash=\"#elementor-action%3Aaction%3Dlightbox%26settings%3DeyJpZCI6MTI0OCwidXJsIjoiaHR0cHM6XC9cL2Zpa3JpbmV2aS5jb21cL3dwLWNvbnRlbnRcL3VwbG9hZHNcLzIwMjRcLzAxXC9NSy1UZWtub2xvamktQW50ZXRsaS1LYWdpdC53ZWJwIiwic2xpZGVzaG93IjoiYmE3NDM2NyJ9\">\n\t\t\t\t\t<div class=\"e-gallery-image elementor-gallery-item__image\" data-thumbnail=\"https:\/\/fikrinevi.com\/wp-content\/uploads\/2024\/01\/MK-Teknoloji-Antetli-Kagit.webp\" data-width=\"1080\" data-height=\"968\" aria-label=\"MK Teknoloji Antetli Ka\u011f\u0131t\" role=\"img\" ><\/div>\n\t\t\t\t\t\t\t\t\t\t\t<div class=\"elementor-gallery-item__overlay\"><\/div>\n\t\t\t\t\t\t\t\t\t\t\t\t\t\t<\/a>\n\t\t\t\t\t\t\t<a class=\"e-gallery-item elementor-gallery-item elementor-animated-content\" href=\"https:\/\/fikrinevi.com\/wp-content\/uploads\/2024\/01\/MD-Dijital-Zarf.webp\" data-elementor-open-lightbox=\"yes\" data-elementor-lightbox-slideshow=\"ba74367\" data-elementor-lightbox-title=\"MD Dijital Zarf\" data-e-action-hash=\"#elementor-action%3Aaction%3Dlightbox%26settings%3DeyJpZCI6MTI0NywidXJsIjoiaHR0cHM6XC9cL2Zpa3JpbmV2aS5jb21cL3dwLWNvbnRlbnRcL3VwbG9hZHNcLzIwMjRcLzAxXC9NRC1EaWppdGFsLVphcmYud2VicCIsInNsaWRlc2hvdyI6ImJhNzQzNjcifQ%3D%3D\">\n\t\t\t\t\t<div class=\"e-gallery-image elementor-gallery-item__image\" data-thumbnail=\"https:\/\/fikrinevi.com\/wp-content\/uploads\/2024\/01\/MD-Dijital-Zarf.webp\" data-width=\"1080\" data-height=\"810\" aria-label=\"MD Dijital Zarf\" role=\"img\" ><\/div>\n\t\t\t\t\t\t\t\t\t\t\t<div class=\"elementor-gallery-item__overlay\"><\/div>\n\t\t\t\t\t\t\t\t\t\t\t\t\t\t<\/a>\n\t\t\t\t\t\t\t<a class=\"e-gallery-item elementor-gallery-item elementor-animated-content\" href=\"https:\/\/fikrinevi.com\/wp-content\/uploads\/2024\/01\/MD-Dijital-Kartvizit.webp\" data-elementor-open-lightbox=\"yes\" data-elementor-lightbox-slideshow=\"ba74367\" data-elementor-lightbox-title=\"MD Dijital Kartvizit\" data-e-action-hash=\"#elementor-action%3Aaction%3Dlightbox%26settings%3DeyJpZCI6MTI0NiwidXJsIjoiaHR0cHM6XC9cL2Zpa3JpbmV2aS5jb21cL3dwLWNvbnRlbnRcL3VwbG9hZHNcLzIwMjRcLzAxXC9NRC1EaWppdGFsLUthcnR2aXppdC53ZWJwIiwic2xpZGVzaG93IjoiYmE3NDM2NyJ9\">\n\t\t\t\t\t<div class=\"e-gallery-image elementor-gallery-item__image\" data-thumbnail=\"https:\/\/fikrinevi.com\/wp-content\/uploads\/2024\/01\/MD-Dijital-Kartvizit.webp\" data-width=\"1308\" data-height=\"1336\" aria-label=\"MD Dijital Kartvizit\" role=\"img\" ><\/div>\n\t\t\t\t\t\t\t\t\t\t\t<div class=\"elementor-gallery-item__overlay\"><\/div>\n\t\t\t\t\t\t\t\t\t\t\t\t\t\t<\/a>\n\t\t\t\t\t\t\t<a class=\"e-gallery-item elementor-gallery-item elementor-animated-content\" href=\"https:\/\/fikrinevi.com\/wp-content\/uploads\/2024\/01\/MD-Dijital-Cepli-Dosya.webp\" data-elementor-open-lightbox=\"yes\" data-elementor-lightbox-slideshow=\"ba74367\" data-elementor-lightbox-title=\"MD Dijital Cepli Dosya\" data-e-action-hash=\"#elementor-action%3Aaction%3Dlightbox%26settings%3DeyJpZCI6MTI0NSwidXJsIjoiaHR0cHM6XC9cL2Zpa3JpbmV2aS5jb21cL3dwLWNvbnRlbnRcL3VwbG9hZHNcLzIwMjRcLzAxXC9NRC1EaWppdGFsLUNlcGxpLURvc3lhLndlYnAiLCJzbGlkZXNob3ciOiJiYTc0MzY3In0%3D\">\n\t\t\t\t\t<div class=\"e-gallery-image elementor-gallery-item__image\" data-thumbnail=\"https:\/\/fikrinevi.com\/wp-content\/uploads\/2024\/01\/MD-Dijital-Cepli-Dosya.webp\" data-width=\"1080\" data-height=\"887\" aria-label=\"MD Dijital Cepli Dosya\" role=\"img\" ><\/div>\n\t\t\t\t\t\t\t\t\t\t\t<div class=\"elementor-gallery-item__overlay\"><\/div>\n\t\t\t\t\t\t\t\t\t\t\t\t\t\t<\/a>\n\t\t\t\t\t\t\t<a class=\"e-gallery-item elementor-gallery-item elementor-animated-content\" href=\"https:\/\/fikrinevi.com\/wp-content\/uploads\/2024\/01\/Lokasyon-Emlak-Kartvizit.webp\" data-elementor-open-lightbox=\"yes\" data-elementor-lightbox-slideshow=\"ba74367\" data-elementor-lightbox-title=\"Lokasyon Emlak Kartvizit\" data-e-action-hash=\"#elementor-action%3Aaction%3Dlightbox%26settings%3DeyJpZCI6MTI0NCwidXJsIjoiaHR0cHM6XC9cL2Zpa3JpbmV2aS5jb21cL3dwLWNvbnRlbnRcL3VwbG9hZHNcLzIwMjRcLzAxXC9Mb2thc3lvbi1FbWxhay1LYXJ0dml6aXQud2VicCIsInNsaWRlc2hvdyI6ImJhNzQzNjcifQ%3D%3D\">\n\t\t\t\t\t<div class=\"e-gallery-image elementor-gallery-item__image\" data-thumbnail=\"https:\/\/fikrinevi.com\/wp-content\/uploads\/2024\/01\/Lokasyon-Emlak-Kartvizit.webp\" data-width=\"1080\" data-height=\"1080\" aria-label=\"Lokasyon Emlak Kartvizit\" role=\"img\" ><\/div>\n\t\t\t\t\t\t\t\t\t\t\t<div class=\"elementor-gallery-item__overlay\"><\/div>\n\t\t\t\t\t\t\t\t\t\t\t\t\t\t<\/a>\n\t\t\t\t\t\t\t<a class=\"e-gallery-item elementor-gallery-item elementor-animated-content\" href=\"https:\/\/fikrinevi.com\/wp-content\/uploads\/2024\/01\/Dunya-Patent-Kartvizit.webp\" data-elementor-open-lightbox=\"yes\" data-elementor-lightbox-slideshow=\"ba74367\" data-elementor-lightbox-title=\"D\u00fcnya Patent Kartvizit\" data-e-action-hash=\"#elementor-action%3Aaction%3Dlightbox%26settings%3DeyJpZCI6MTI0MywidXJsIjoiaHR0cHM6XC9cL2Zpa3JpbmV2aS5jb21cL3dwLWNvbnRlbnRcL3VwbG9hZHNcLzIwMjRcLzAxXC9EdW55YS1QYXRlbnQtS2FydHZpeml0LndlYnAiLCJzbGlkZXNob3ciOiJiYTc0MzY3In0%3D\">\n\t\t\t\t\t<div class=\"e-gallery-image elementor-gallery-item__image\" data-thumbnail=\"https:\/\/fikrinevi.com\/wp-content\/uploads\/2024\/01\/Dunya-Patent-Kartvizit.webp\" data-width=\"1080\" data-height=\"810\" aria-label=\"D\u00fcnya Patent Kartvizit\" role=\"img\" ><\/div>\n\t\t\t\t\t\t\t\t\t\t\t<div class=\"elementor-gallery-item__overlay\"><\/div>\n\t\t\t\t\t\t\t\t\t\t\t\t\t\t<\/a>\n\t\t\t\t\t<\/div>\n\t\t\t\t\t<\/div>\n\t\t\t\t<\/div>\n\t\t\t\t<\/div>\n\t\t\t\t\t<\/div>\n\t\t\t\t<\/div>\n\t\t\t\t<\/div>\n\t\t","protected":false},"excerpt":{"rendered":"<p>We strengthen our brands with corporate identity design projects. Check out our references and create a strong identity for your brand by contacting us.<\/p>\n","protected":false},"author":1,"featured_media":0,"parent":2829,"menu_order":0,"comment_status":"closed","ping_status":"closed","template":"","meta":{"footnotes":""},"class_list":["post-2853","page","type-page","status-publish","hentry"],"aioseo_notices":[],"_links":{"self":[{"href":"https:\/\/fikrinevi.com\/en\/wp-json\/wp\/v2\/pages\/2853","targetHints":{"allow":["GET"]}}],"collection":[{"href":"https:\/\/fikrinevi.com\/en\/wp-json\/wp\/v2\/pages"}],"about":[{"href":"https:\/\/fikrinevi.com\/en\/wp-json\/wp\/v2\/types\/page"}],"author":[{"embeddable":true,"href":"https:\/\/fikrinevi.com\/en\/wp-json\/wp\/v2\/users\/1"}],"replies":[{"embeddable":true,"href":"https:\/\/fikrinevi.com\/en\/wp-json\/wp\/v2\/comments?post=2853"}],"version-history":[{"count":0,"href":"https:\/\/fikrinevi.com\/en\/wp-json\/wp\/v2\/pages\/2853\/revisions"}],"up":[{"embeddable":true,"href":"https:\/\/fikrinevi.com\/en\/wp-json\/wp\/v2\/pages\/2829"}],"wp:attachment":[{"href":"https:\/\/fikrinevi.com\/en\/wp-json\/wp\/v2\/media?parent=2853"}],"curies":[{"name":"wp","href":"https:\/\/api.w.org\/{rel}","templated":true}]}}