{"id":2857,"date":"2024-01-05T15:44:41","date_gmt":"2024-01-05T12:44:41","guid":{"rendered":"https:\/\/fikrinevi.com\/what-we-did\/website\/"},"modified":"2025-11-26T14:42:35","modified_gmt":"2025-11-26T11:42:35","slug":"website","status":"publish","type":"page","link":"https:\/\/fikrinevi.com\/en\/what-we-did\/website\/","title":{"rendered":"Website"},"content":{"rendered":"\t\t<div data-elementor-type=\"wp-page\" data-elementor-id=\"2857\" class=\"elementor elementor-2857 elementor-1033\" data-elementor-post-type=\"page\">\n\t\t\t\t<div class=\"elementor-element elementor-element-4d3e86c e-flex e-con-boxed e-con e-parent\" data-id=\"4d3e86c\" data-element_type=\"container\" data-e-type=\"container\" data-settings=\"{&quot;background_background&quot;:&quot;classic&quot;}\">\n\t\t\t\t\t<div class=\"e-con-inner\">\n\t\t<div class=\"elementor-element elementor-element-b1c12e0 e-con-full e-flex e-con e-child\" data-id=\"b1c12e0\" data-element_type=\"container\" data-e-type=\"container\">\n\t\t\t\t<div class=\"elementor-element elementor-element-c3f15e0 elementor-grid-3 elementor-grid-tablet-2 elementor-grid-mobile-1 elementor-widget elementor-widget-loop-grid\" data-id=\"c3f15e0\" data-element_type=\"widget\" data-e-type=\"widget\" data-settings=\"{&quot;template_id&quot;:980,&quot;pagination_type&quot;:&quot;load_more_on_click&quot;,&quot;auto_scroll&quot;:&quot;yes&quot;,&quot;_skin&quot;:&quot;post&quot;,&quot;columns&quot;:&quot;3&quot;,&quot;columns_tablet&quot;:&quot;2&quot;,&quot;columns_mobile&quot;:&quot;1&quot;,&quot;edit_handle_selector&quot;:&quot;[data-elementor-type=\\&quot;loop-item\\&quot;]&quot;,&quot;load_more_spinner&quot;:{&quot;value&quot;:&quot;fas fa-spinner&quot;,&quot;library&quot;:&quot;fa-solid&quot;},&quot;row_gap&quot;:{&quot;unit&quot;:&quot;px&quot;,&quot;size&quot;:&quot;&quot;,&quot;sizes&quot;:[]},&quot;row_gap_tablet&quot;:{&quot;unit&quot;:&quot;px&quot;,&quot;size&quot;:&quot;&quot;,&quot;sizes&quot;:[]},&quot;row_gap_mobile&quot;:{&quot;unit&quot;:&quot;px&quot;,&quot;size&quot;:&quot;&quot;,&quot;sizes&quot;:[]}}\" data-widget_type=\"loop-grid.post\">\n\t\t\t\t<div class=\"elementor-widget-container\">\n\t\t\t\t\t\t\t<div class=\"elementor-loop-container elementor-grid\" role=\"list\">\n\t\t<style id=\"loop-980\">.elementor-980 .elementor-element.elementor-element-3c91f7b{--display:flex;border-style:solid;--border-style:solid;border-width:1px 1px 1px 1px;--border-top-width:1px;--border-right-width:1px;--border-bottom-width:1px;--border-left-width:1px;border-color:#00498740;--border-color:#00498740;--border-radius:5px 5px 5px 5px;--padding-top:0px;--padding-bottom:0px;--padding-left:0px;--padding-right:0px;}.elementor-widget-theme-post-featured-image .widget-image-caption{color:var( --e-global-color-text );font-family:var( --e-global-typography-text-font-family ), Sans-serif;font-size:var( --e-global-typography-text-font-size );font-weight:var( --e-global-typography-text-font-weight );line-height:var( --e-global-typography-text-line-height );}.elementor-980 .elementor-element.elementor-element-4a0504d img{border-radius:5px 5px 5px 5px;}@media(max-width:1024px){.elementor-widget-theme-post-featured-image .widget-image-caption{font-size:var( --e-global-typography-text-font-size );line-height:var( --e-global-typography-text-line-height );}}@media(max-width:767px){.elementor-widget-theme-post-featured-image .widget-image-caption{font-size:var( --e-global-typography-text-font-size );line-height:var( --e-global-typography-text-line-height );}}<\/style>\t\t<div data-elementor-type=\"loop-item\" data-elementor-id=\"980\" class=\"elementor elementor-980 e-loop-item e-loop-item-3272 post-3272 post type-post status-publish format-standard has-post-thumbnail hentry category-corporate-website category-uncategorized\" data-elementor-post-type=\"elementor_library\" data-custom-edit-handle=\"1\">\n\t\t\t<div class=\"elementor-element elementor-element-3c91f7b e-flex e-con-boxed e-con e-parent\" data-id=\"3c91f7b\" data-element_type=\"container\" data-e-type=\"container\">\n\t\t\t\t\t<div class=\"e-con-inner\">\n\t\t\t\t<div class=\"elementor-element elementor-element-4a0504d elementor-widget elementor-widget-theme-post-featured-image elementor-widget-image\" data-id=\"4a0504d\" data-element_type=\"widget\" data-e-type=\"widget\" data-widget_type=\"theme-post-featured-image.default\">\n\t\t\t\t<div class=\"elementor-widget-container\">\n\t\t\t\t\t\t\t\t\t\t\t\t\t\t\t\t<a href=\"https:\/\/fikrinevi.com\/en\/kilic-disli-web-site\/\">\n\t\t\t\t\t\t\t<img fetchpriority=\"high\" decoding=\"async\" width=\"800\" height=\"843\" src=\"https:\/\/fikrinevi.com\/wp-content\/uploads\/2024\/12\/Kilic-Disli-Web-Sitesi-Proje.webp\" class=\"attachment-large size-large wp-image-3267\" alt=\"\" srcset=\"https:\/\/fikrinevi.com\/wp-content\/uploads\/2024\/12\/Kilic-Disli-Web-Sitesi-Proje.webp 972w, https:\/\/fikrinevi.com\/wp-content\/uploads\/2024\/12\/Kilic-Disli-Web-Sitesi-Proje-285x300.webp 285w, https:\/\/fikrinevi.com\/wp-content\/uploads\/2024\/12\/Kilic-Disli-Web-Sitesi-Proje-768x809.webp 768w\" sizes=\"(max-width: 800px) 100vw, 800px\" \/>\t\t\t\t\t\t\t\t<\/a>\n\t\t\t\t\t\t\t\t\t\t\t\t\t\t\t<\/div>\n\t\t\t\t<\/div>\n\t\t\t\t\t<\/div>\n\t\t\t\t<\/div>\n\t\t\t\t<\/div>\n\t\t\t\t<div data-elementor-type=\"loop-item\" data-elementor-id=\"980\" class=\"elementor elementor-980 e-loop-item e-loop-item-3246 post-3246 post type-post status-publish format-standard has-post-thumbnail hentry category-corporate-website category-uncategorized\" data-elementor-post-type=\"elementor_library\" data-custom-edit-handle=\"1\">\n\t\t\t<div class=\"elementor-element elementor-element-3c91f7b e-flex e-con-boxed e-con e-parent\" data-id=\"3c91f7b\" data-element_type=\"container\" data-e-type=\"container\">\n\t\t\t\t\t<div class=\"e-con-inner\">\n\t\t\t\t<div class=\"elementor-element elementor-element-4a0504d elementor-widget elementor-widget-theme-post-featured-image elementor-widget-image\" data-id=\"4a0504d\" data-element_type=\"widget\" data-e-type=\"widget\" data-widget_type=\"theme-post-featured-image.default\">\n\t\t\t\t<div class=\"elementor-widget-container\">\n\t\t\t\t\t\t\t\t\t\t\t\t\t\t\t\t<a href=\"https:\/\/fikrinevi.com\/en\/hola-lia-web-site\/\">\n\t\t\t\t\t\t\t<img decoding=\"async\" width=\"800\" height=\"843\" src=\"https:\/\/fikrinevi.com\/wp-content\/uploads\/2024\/12\/Hola-Lia-Web-Sitesi-Proje-.webp\" class=\"attachment-large size-large wp-image-3241\" alt=\"\" srcset=\"https:\/\/fikrinevi.com\/wp-content\/uploads\/2024\/12\/Hola-Lia-Web-Sitesi-Proje-.webp 972w, https:\/\/fikrinevi.com\/wp-content\/uploads\/2024\/12\/Hola-Lia-Web-Sitesi-Proje--285x300.webp 285w, https:\/\/fikrinevi.com\/wp-content\/uploads\/2024\/12\/Hola-Lia-Web-Sitesi-Proje--768x809.webp 768w\" sizes=\"(max-width: 800px) 100vw, 800px\" \/>\t\t\t\t\t\t\t\t<\/a>\n\t\t\t\t\t\t\t\t\t\t\t\t\t\t\t<\/div>\n\t\t\t\t<\/div>\n\t\t\t\t\t<\/div>\n\t\t\t\t<\/div>\n\t\t\t\t<\/div>\n\t\t\t\t<div data-elementor-type=\"loop-item\" data-elementor-id=\"980\" class=\"elementor elementor-980 e-loop-item e-loop-item-3225 post-3225 post type-post status-publish format-standard has-post-thumbnail hentry category-corporate-website category-uncategorized\" data-elementor-post-type=\"elementor_library\" data-custom-edit-handle=\"1\">\n\t\t\t<div class=\"elementor-element elementor-element-3c91f7b e-flex e-con-boxed e-con e-parent\" data-id=\"3c91f7b\" data-element_type=\"container\" data-e-type=\"container\">\n\t\t\t\t\t<div class=\"e-con-inner\">\n\t\t\t\t<div class=\"elementor-element elementor-element-4a0504d elementor-widget elementor-widget-theme-post-featured-image elementor-widget-image\" data-id=\"4a0504d\" data-element_type=\"widget\" data-e-type=\"widget\" data-widget_type=\"theme-post-featured-image.default\">\n\t\t\t\t<div class=\"elementor-widget-container\">\n\t\t\t\t\t\t\t\t\t\t\t\t\t\t\t\t<a href=\"https:\/\/fikrinevi.com\/en\/muzik-susmasin-website\/\">\n\t\t\t\t\t\t\t<img decoding=\"async\" width=\"800\" height=\"843\" src=\"https:\/\/fikrinevi.com\/wp-content\/uploads\/2024\/09\/Muzik-Susmasin-Web-Sitesi-Proje-.webp\" class=\"attachment-large size-large wp-image-3211\" alt=\"\" srcset=\"https:\/\/fikrinevi.com\/wp-content\/uploads\/2024\/09\/Muzik-Susmasin-Web-Sitesi-Proje-.webp 972w, https:\/\/fikrinevi.com\/wp-content\/uploads\/2024\/09\/Muzik-Susmasin-Web-Sitesi-Proje--285x300.webp 285w, https:\/\/fikrinevi.com\/wp-content\/uploads\/2024\/09\/Muzik-Susmasin-Web-Sitesi-Proje--768x809.webp 768w\" sizes=\"(max-width: 800px) 100vw, 800px\" \/>\t\t\t\t\t\t\t\t<\/a>\n\t\t\t\t\t\t\t\t\t\t\t\t\t\t\t<\/div>\n\t\t\t\t<\/div>\n\t\t\t\t\t<\/div>\n\t\t\t\t<\/div>\n\t\t\t\t<\/div>\n\t\t\t\t<div data-elementor-type=\"loop-item\" data-elementor-id=\"980\" class=\"elementor elementor-980 e-loop-item e-loop-item-3223 post-3223 post type-post status-publish format-standard has-post-thumbnail hentry category-corporate-website category-uncategorized\" data-elementor-post-type=\"elementor_library\" data-custom-edit-handle=\"1\">\n\t\t\t<div class=\"elementor-element elementor-element-3c91f7b e-flex e-con-boxed e-con e-parent\" data-id=\"3c91f7b\" data-element_type=\"container\" data-e-type=\"container\">\n\t\t\t\t\t<div class=\"e-con-inner\">\n\t\t\t\t<div class=\"elementor-element elementor-element-4a0504d elementor-widget elementor-widget-theme-post-featured-image elementor-widget-image\" data-id=\"4a0504d\" data-element_type=\"widget\" data-e-type=\"widget\" data-widget_type=\"theme-post-featured-image.default\">\n\t\t\t\t<div class=\"elementor-widget-container\">\n\t\t\t\t\t\t\t\t\t\t\t\t\t\t\t\t<a href=\"https:\/\/fikrinevi.com\/en\/alara-health-website\/\">\n\t\t\t\t\t\t\t<img loading=\"lazy\" decoding=\"async\" width=\"800\" height=\"843\" src=\"https:\/\/fikrinevi.com\/wp-content\/uploads\/2024\/09\/Alara-Healt-Group-Web-Sitesi-Proje.webp\" class=\"attachment-large size-large wp-image-3218\" alt=\"\" srcset=\"https:\/\/fikrinevi.com\/wp-content\/uploads\/2024\/09\/Alara-Healt-Group-Web-Sitesi-Proje.webp 972w, https:\/\/fikrinevi.com\/wp-content\/uploads\/2024\/09\/Alara-Healt-Group-Web-Sitesi-Proje-285x300.webp 285w, https:\/\/fikrinevi.com\/wp-content\/uploads\/2024\/09\/Alara-Healt-Group-Web-Sitesi-Proje-768x809.webp 768w\" sizes=\"(max-width: 800px) 100vw, 800px\" \/>\t\t\t\t\t\t\t\t<\/a>\n\t\t\t\t\t\t\t\t\t\t\t\t\t\t\t<\/div>\n\t\t\t\t<\/div>\n\t\t\t\t\t<\/div>\n\t\t\t\t<\/div>\n\t\t\t\t<\/div>\n\t\t\t\t<div data-elementor-type=\"loop-item\" data-elementor-id=\"980\" class=\"elementor elementor-980 e-loop-item e-loop-item-3190 post-3190 post type-post status-publish format-standard has-post-thumbnail hentry category-corporate-website category-uncategorized\" data-elementor-post-type=\"elementor_library\" data-custom-edit-handle=\"1\">\n\t\t\t<div class=\"elementor-element elementor-element-3c91f7b e-flex e-con-boxed e-con e-parent\" data-id=\"3c91f7b\" data-element_type=\"container\" data-e-type=\"container\">\n\t\t\t\t\t<div class=\"e-con-inner\">\n\t\t\t\t<div class=\"elementor-element elementor-element-4a0504d elementor-widget elementor-widget-theme-post-featured-image elementor-widget-image\" data-id=\"4a0504d\" data-element_type=\"widget\" data-e-type=\"widget\" data-widget_type=\"theme-post-featured-image.default\">\n\t\t\t\t<div class=\"elementor-widget-container\">\n\t\t\t\t\t\t\t\t\t\t\t\t\t\t\t\t<a href=\"https:\/\/fikrinevi.com\/en\/urolognet-website\/\">\n\t\t\t\t\t\t\t<img loading=\"lazy\" decoding=\"async\" width=\"800\" height=\"843\" src=\"https:\/\/fikrinevi.com\/wp-content\/uploads\/2024\/05\/Urolognet-Web-Sitesi-Proje.webp\" class=\"attachment-large size-large wp-image-3185\" alt=\"\" srcset=\"https:\/\/fikrinevi.com\/wp-content\/uploads\/2024\/05\/Urolognet-Web-Sitesi-Proje.webp 972w, https:\/\/fikrinevi.com\/wp-content\/uploads\/2024\/05\/Urolognet-Web-Sitesi-Proje-285x300.webp 285w, https:\/\/fikrinevi.com\/wp-content\/uploads\/2024\/05\/Urolognet-Web-Sitesi-Proje-768x809.webp 768w\" sizes=\"(max-width: 800px) 100vw, 800px\" \/>\t\t\t\t\t\t\t\t<\/a>\n\t\t\t\t\t\t\t\t\t\t\t\t\t\t\t<\/div>\n\t\t\t\t<\/div>\n\t\t\t\t\t<\/div>\n\t\t\t\t<\/div>\n\t\t\t\t<\/div>\n\t\t\t\t<div data-elementor-type=\"loop-item\" data-elementor-id=\"980\" class=\"elementor elementor-980 e-loop-item e-loop-item-3181 post-3181 post type-post status-publish format-standard has-post-thumbnail hentry category-corporate-website category-uncategorized\" data-elementor-post-type=\"elementor_library\" data-custom-edit-handle=\"1\">\n\t\t\t<div class=\"elementor-element elementor-element-3c91f7b e-flex e-con-boxed e-con e-parent\" data-id=\"3c91f7b\" data-element_type=\"container\" data-e-type=\"container\">\n\t\t\t\t\t<div class=\"e-con-inner\">\n\t\t\t\t<div class=\"elementor-element elementor-element-4a0504d elementor-widget elementor-widget-theme-post-featured-image elementor-widget-image\" data-id=\"4a0504d\" data-element_type=\"widget\" data-e-type=\"widget\" data-widget_type=\"theme-post-featured-image.default\">\n\t\t\t\t<div class=\"elementor-widget-container\">\n\t\t\t\t\t\t\t\t\t\t\t\t\t\t\t\t<a href=\"https:\/\/fikrinevi.com\/en\/fold-yarn-web-site\/\">\n\t\t\t\t\t\t\t<img loading=\"lazy\" decoding=\"async\" width=\"800\" height=\"843\" src=\"https:\/\/fikrinevi.com\/wp-content\/uploads\/2024\/05\/Fold-Web-Sitesi-Proje.webp\" class=\"attachment-large size-large wp-image-3176\" alt=\"\" srcset=\"https:\/\/fikrinevi.com\/wp-content\/uploads\/2024\/05\/Fold-Web-Sitesi-Proje.webp 972w, https:\/\/fikrinevi.com\/wp-content\/uploads\/2024\/05\/Fold-Web-Sitesi-Proje-285x300.webp 285w, https:\/\/fikrinevi.com\/wp-content\/uploads\/2024\/05\/Fold-Web-Sitesi-Proje-768x809.webp 768w\" sizes=\"(max-width: 800px) 100vw, 800px\" \/>\t\t\t\t\t\t\t\t<\/a>\n\t\t\t\t\t\t\t\t\t\t\t\t\t\t\t<\/div>\n\t\t\t\t<\/div>\n\t\t\t\t\t<\/div>\n\t\t\t\t<\/div>\n\t\t\t\t<\/div>\n\t\t\t\t<div data-elementor-type=\"loop-item\" data-elementor-id=\"980\" class=\"elementor elementor-980 e-loop-item e-loop-item-2884 post-2884 post type-post status-publish format-standard has-post-thumbnail hentry category-qr-menu-website category-uncategorized\" data-elementor-post-type=\"elementor_library\" data-custom-edit-handle=\"1\">\n\t\t\t<div class=\"elementor-element elementor-element-3c91f7b e-flex e-con-boxed e-con e-parent\" data-id=\"3c91f7b\" data-element_type=\"container\" data-e-type=\"container\">\n\t\t\t\t\t<div class=\"e-con-inner\">\n\t\t\t\t<div class=\"elementor-element elementor-element-4a0504d elementor-widget elementor-widget-theme-post-featured-image elementor-widget-image\" data-id=\"4a0504d\" data-element_type=\"widget\" data-e-type=\"widget\" data-widget_type=\"theme-post-featured-image.default\">\n\t\t\t\t<div class=\"elementor-widget-container\">\n\t\t\t\t\t\t\t\t\t\t\t\t\t\t\t\t<a href=\"https:\/\/fikrinevi.com\/en\/burgersan-website\/\">\n\t\t\t\t\t\t\t<img loading=\"lazy\" decoding=\"async\" width=\"800\" height=\"843\" src=\"https:\/\/fikrinevi.com\/wp-content\/uploads\/2024\/01\/Burgersan-Web-Sitesi.webp\" class=\"attachment-large size-large wp-image-2570\" alt=\"\" srcset=\"https:\/\/fikrinevi.com\/wp-content\/uploads\/2024\/01\/Burgersan-Web-Sitesi.webp 972w, https:\/\/fikrinevi.com\/wp-content\/uploads\/2024\/01\/Burgersan-Web-Sitesi-285x300.webp 285w, https:\/\/fikrinevi.com\/wp-content\/uploads\/2024\/01\/Burgersan-Web-Sitesi-768x809.webp 768w\" sizes=\"(max-width: 800px) 100vw, 800px\" \/>\t\t\t\t\t\t\t\t<\/a>\n\t\t\t\t\t\t\t\t\t\t\t\t\t\t\t<\/div>\n\t\t\t\t<\/div>\n\t\t\t\t\t<\/div>\n\t\t\t\t<\/div>\n\t\t\t\t<\/div>\n\t\t\t\t<div data-elementor-type=\"loop-item\" data-elementor-id=\"980\" class=\"elementor elementor-980 e-loop-item e-loop-item-3100 post-3100 post type-post status-publish format-standard has-post-thumbnail hentry category-corporate-website category-uncategorized\" data-elementor-post-type=\"elementor_library\" data-custom-edit-handle=\"1\">\n\t\t\t<div class=\"elementor-element elementor-element-3c91f7b e-flex e-con-boxed e-con e-parent\" data-id=\"3c91f7b\" data-element_type=\"container\" data-e-type=\"container\">\n\t\t\t\t\t<div class=\"e-con-inner\">\n\t\t\t\t<div class=\"elementor-element elementor-element-4a0504d elementor-widget elementor-widget-theme-post-featured-image elementor-widget-image\" data-id=\"4a0504d\" data-element_type=\"widget\" data-e-type=\"widget\" data-widget_type=\"theme-post-featured-image.default\">\n\t\t\t\t<div class=\"elementor-widget-container\">\n\t\t\t\t\t\t\t\t\t\t\t\t\t\t\t\t<a href=\"https:\/\/fikrinevi.com\/en\/cem-ozluk-web-site\/\">\n\t\t\t\t\t\t\t<img loading=\"lazy\" decoding=\"async\" width=\"800\" height=\"843\" src=\"https:\/\/fikrinevi.com\/wp-content\/uploads\/2024\/03\/Cem-Ozluk-Web-Sitesi-Proje.webp\" class=\"attachment-large size-large wp-image-3098\" alt=\"Cem \u00d6zl\u00fck Web Sitesi Proje\" srcset=\"https:\/\/fikrinevi.com\/wp-content\/uploads\/2024\/03\/Cem-Ozluk-Web-Sitesi-Proje.webp 972w, https:\/\/fikrinevi.com\/wp-content\/uploads\/2024\/03\/Cem-Ozluk-Web-Sitesi-Proje-285x300.webp 285w, https:\/\/fikrinevi.com\/wp-content\/uploads\/2024\/03\/Cem-Ozluk-Web-Sitesi-Proje-768x809.webp 768w\" sizes=\"(max-width: 800px) 100vw, 800px\" \/>\t\t\t\t\t\t\t\t<\/a>\n\t\t\t\t\t\t\t\t\t\t\t\t\t\t\t<\/div>\n\t\t\t\t<\/div>\n\t\t\t\t\t<\/div>\n\t\t\t\t<\/div>\n\t\t\t\t<\/div>\n\t\t\t\t<div data-elementor-type=\"loop-item\" data-elementor-id=\"980\" class=\"elementor elementor-980 e-loop-item e-loop-item-3089 post-3089 post type-post status-publish format-standard has-post-thumbnail hentry category-corporate-website category-uncategorized\" data-elementor-post-type=\"elementor_library\" data-custom-edit-handle=\"1\">\n\t\t\t<div class=\"elementor-element elementor-element-3c91f7b e-flex e-con-boxed e-con e-parent\" data-id=\"3c91f7b\" data-element_type=\"container\" data-e-type=\"container\">\n\t\t\t\t\t<div class=\"e-con-inner\">\n\t\t\t\t<div class=\"elementor-element elementor-element-4a0504d elementor-widget elementor-widget-theme-post-featured-image elementor-widget-image\" data-id=\"4a0504d\" data-element_type=\"widget\" data-e-type=\"widget\" data-widget_type=\"theme-post-featured-image.default\">\n\t\t\t\t<div class=\"elementor-widget-container\">\n\t\t\t\t\t\t\t\t\t\t\t\t\t\t\t\t<a href=\"https:\/\/fikrinevi.com\/en\/ses-ver-search-and-rescue-association-website\/\">\n\t\t\t\t\t\t\t<img loading=\"lazy\" decoding=\"async\" width=\"800\" height=\"843\" src=\"https:\/\/fikrinevi.com\/wp-content\/uploads\/2024\/03\/Ses-Ver-Arama-Kurtarma-Web-Sitesi.webp\" class=\"attachment-large size-large wp-image-3080\" alt=\"Ses Ver Arama Kurtarma Web Sitesi\" srcset=\"https:\/\/fikrinevi.com\/wp-content\/uploads\/2024\/03\/Ses-Ver-Arama-Kurtarma-Web-Sitesi.webp 972w, https:\/\/fikrinevi.com\/wp-content\/uploads\/2024\/03\/Ses-Ver-Arama-Kurtarma-Web-Sitesi-285x300.webp 285w, https:\/\/fikrinevi.com\/wp-content\/uploads\/2024\/03\/Ses-Ver-Arama-Kurtarma-Web-Sitesi-768x809.webp 768w\" sizes=\"(max-width: 800px) 100vw, 800px\" \/>\t\t\t\t\t\t\t\t<\/a>\n\t\t\t\t\t\t\t\t\t\t\t\t\t\t\t<\/div>\n\t\t\t\t<\/div>\n\t\t\t\t\t<\/div>\n\t\t\t\t<\/div>\n\t\t\t\t<\/div>\n\t\t\t\t<div data-elementor-type=\"loop-item\" data-elementor-id=\"980\" class=\"elementor elementor-980 e-loop-item e-loop-item-3256 post-3256 post type-post status-publish format-standard has-post-thumbnail hentry category-e-commerce-website category-uncategorized\" data-elementor-post-type=\"elementor_library\" data-custom-edit-handle=\"1\">\n\t\t\t<div class=\"elementor-element elementor-element-3c91f7b e-flex e-con-boxed e-con e-parent\" data-id=\"3c91f7b\" data-element_type=\"container\" data-e-type=\"container\">\n\t\t\t\t\t<div class=\"e-con-inner\">\n\t\t\t\t<div class=\"elementor-element elementor-element-4a0504d elementor-widget elementor-widget-theme-post-featured-image elementor-widget-image\" data-id=\"4a0504d\" data-element_type=\"widget\" data-e-type=\"widget\" data-widget_type=\"theme-post-featured-image.default\">\n\t\t\t\t<div class=\"elementor-widget-container\">\n\t\t\t\t\t\t\t\t\t\t\t\t\t\t\t\t<a href=\"https:\/\/fikrinevi.com\/en\/ayt-medikal-web-site\/\">\n\t\t\t\t\t\t\t<img loading=\"lazy\" decoding=\"async\" width=\"800\" height=\"843\" src=\"https:\/\/fikrinevi.com\/wp-content\/uploads\/2024\/12\/Ayt-Medikal-Web-Sitesi-Proje.webp\" class=\"attachment-large size-large wp-image-3251\" alt=\"\" srcset=\"https:\/\/fikrinevi.com\/wp-content\/uploads\/2024\/12\/Ayt-Medikal-Web-Sitesi-Proje.webp 972w, https:\/\/fikrinevi.com\/wp-content\/uploads\/2024\/12\/Ayt-Medikal-Web-Sitesi-Proje-285x300.webp 285w, https:\/\/fikrinevi.com\/wp-content\/uploads\/2024\/12\/Ayt-Medikal-Web-Sitesi-Proje-768x809.webp 768w\" sizes=\"(max-width: 800px) 100vw, 800px\" \/>\t\t\t\t\t\t\t\t<\/a>\n\t\t\t\t\t\t\t\t\t\t\t\t\t\t\t<\/div>\n\t\t\t\t<\/div>\n\t\t\t\t\t<\/div>\n\t\t\t\t<\/div>\n\t\t\t\t<\/div>\n\t\t\t\t<div data-elementor-type=\"loop-item\" data-elementor-id=\"980\" class=\"elementor elementor-980 e-loop-item e-loop-item-3144 post-3144 post type-post status-publish format-standard has-post-thumbnail hentry category-e-commerce-website category-uncategorized\" data-elementor-post-type=\"elementor_library\" data-custom-edit-handle=\"1\">\n\t\t\t<div class=\"elementor-element elementor-element-3c91f7b e-flex e-con-boxed e-con e-parent\" data-id=\"3c91f7b\" data-element_type=\"container\" data-e-type=\"container\">\n\t\t\t\t\t<div class=\"e-con-inner\">\n\t\t\t\t<div class=\"elementor-element elementor-element-4a0504d elementor-widget elementor-widget-theme-post-featured-image elementor-widget-image\" data-id=\"4a0504d\" data-element_type=\"widget\" data-e-type=\"widget\" data-widget_type=\"theme-post-featured-image.default\">\n\t\t\t\t<div class=\"elementor-widget-container\">\n\t\t\t\t\t\t\t\t\t\t\t\t\t\t\t\t<a href=\"https:\/\/fikrinevi.com\/en\/decolife-web-site\/\">\n\t\t\t\t\t\t\t<img loading=\"lazy\" decoding=\"async\" width=\"800\" height=\"843\" src=\"https:\/\/fikrinevi.com\/wp-content\/uploads\/2024\/05\/Decolife-Web-Sitesi-Proje.webp\" class=\"attachment-large size-large wp-image-3139\" alt=\"Decolife Web Sitesi Proje\" srcset=\"https:\/\/fikrinevi.com\/wp-content\/uploads\/2024\/05\/Decolife-Web-Sitesi-Proje.webp 972w, https:\/\/fikrinevi.com\/wp-content\/uploads\/2024\/05\/Decolife-Web-Sitesi-Proje-285x300.webp 285w, https:\/\/fikrinevi.com\/wp-content\/uploads\/2024\/05\/Decolife-Web-Sitesi-Proje-768x809.webp 768w\" sizes=\"(max-width: 800px) 100vw, 800px\" \/>\t\t\t\t\t\t\t\t<\/a>\n\t\t\t\t\t\t\t\t\t\t\t\t\t\t\t<\/div>\n\t\t\t\t<\/div>\n\t\t\t\t\t<\/div>\n\t\t\t\t<\/div>\n\t\t\t\t<\/div>\n\t\t\t\t<div data-elementor-type=\"loop-item\" data-elementor-id=\"980\" class=\"elementor elementor-980 e-loop-item e-loop-item-3133 post-3133 post type-post status-publish format-standard has-post-thumbnail hentry category-corporate-website category-uncategorized\" data-elementor-post-type=\"elementor_library\" data-custom-edit-handle=\"1\">\n\t\t\t<div class=\"elementor-element elementor-element-3c91f7b e-flex e-con-boxed e-con e-parent\" data-id=\"3c91f7b\" data-element_type=\"container\" data-e-type=\"container\">\n\t\t\t\t\t<div class=\"e-con-inner\">\n\t\t\t\t<div class=\"elementor-element elementor-element-4a0504d elementor-widget elementor-widget-theme-post-featured-image elementor-widget-image\" data-id=\"4a0504d\" data-element_type=\"widget\" data-e-type=\"widget\" data-widget_type=\"theme-post-featured-image.default\">\n\t\t\t\t<div class=\"elementor-widget-container\">\n\t\t\t\t\t\t\t\t\t\t\t\t\t\t\t\t<a href=\"https:\/\/fikrinevi.com\/en\/turkey-martyrs-and-gazi-foundation-website\/\">\n\t\t\t\t\t\t\t<img loading=\"lazy\" decoding=\"async\" width=\"800\" height=\"843\" src=\"https:\/\/fikrinevi.com\/wp-content\/uploads\/2024\/05\/Turkiye-Sehit-ve-Gazi-Vakfi-Web-Sitesi-Proje.webp\" class=\"attachment-large size-large wp-image-3124\" alt=\"T\u00fcrkiye \u015eehit ve Gazi Vakf\u0131 Web Sitesi Proje\" srcset=\"https:\/\/fikrinevi.com\/wp-content\/uploads\/2024\/05\/Turkiye-Sehit-ve-Gazi-Vakfi-Web-Sitesi-Proje.webp 972w, https:\/\/fikrinevi.com\/wp-content\/uploads\/2024\/05\/Turkiye-Sehit-ve-Gazi-Vakfi-Web-Sitesi-Proje-285x300.webp 285w, https:\/\/fikrinevi.com\/wp-content\/uploads\/2024\/05\/Turkiye-Sehit-ve-Gazi-Vakfi-Web-Sitesi-Proje-768x809.webp 768w\" sizes=\"(max-width: 800px) 100vw, 800px\" \/>\t\t\t\t\t\t\t\t<\/a>\n\t\t\t\t\t\t\t\t\t\t\t\t\t\t\t<\/div>\n\t\t\t\t<\/div>\n\t\t\t\t\t<\/div>\n\t\t\t\t<\/div>\n\t\t\t\t<\/div>\n\t\t\t\t<\/div>\n\t\t\t\t\t<span class=\"e-load-more-spinner\">\n\t\t\t\t<svg aria-hidden=\"true\" class=\"e-font-icon-svg e-fas-spinner\" viewBox=\"0 0 512 512\" xmlns=\"http:\/\/www.w3.org\/2000\/svg\"><path d=\"M304 48c0 26.51-21.49 48-48 48s-48-21.49-48-48 21.49-48 48-48 48 21.49 48 48zm-48 368c-26.51 0-48 21.49-48 48s21.49 48 48 48 48-21.49 48-48-21.49-48-48-48zm208-208c-26.51 0-48 21.49-48 48s21.49 48 48 48 48-21.49 48-48-21.49-48-48-48zM96 256c0-26.51-21.49-48-48-48S0 229.49 0 256s21.49 48 48 48 48-21.49 48-48zm12.922 99.078c-26.51 0-48 21.49-48 48s21.49 48 48 48 48-21.49 48-48c0-26.509-21.491-48-48-48zm294.156 0c-26.51 0-48 21.49-48 48s21.49 48 48 48 48-21.49 48-48c0-26.509-21.49-48-48-48zM108.922 60.922c-26.51 0-48 21.49-48 48s21.49 48 48 48 48-21.49 48-48-21.491-48-48-48z\"><\/path><\/svg>\t\t\t<\/span>\n\t\t\n\t\t\t\t<div class=\"e-load-more-anchor\" data-page=\"1\" data-max-page=\"3\" data-next-page=\"https:\/\/fikrinevi.com\/en\/wp-json\/wp\/v2\/pages\/2857\/page\/2\/\"><\/div>\n\t\t\t\t<div class=\"e-loop__load-more elementor-button-wrapper\">\n\t\t\t<a class=\"elementor-button elementor-size-sm\" role=\"button\">\n\t\t\t\t\t\t<span class=\"elementor-button-content-wrapper\">\n\t\t\t\t\t\t\t\t\t<span class=\"elementor-button-text\">Show more<\/span>\n\t\t\t\t\t<\/span>\n\t\t\t\t\t<\/a>\n\t\t<\/div>\n\t\t\t\t<div class=\"e-load-more-message\"><\/div>\n\t\t\t\t\t\t<\/div>\n\t\t\t\t<\/div>\n\t\t\t\t<\/div>\n\t\t\t\t\t<\/div>\n\t\t\t\t<\/div>\n\t\t\t\t<\/div>\n\t\t","protected":false},"excerpt":{"rendered":"<p>With a professional website, brands have eye-catching and user-friendly websites. Check out our references and let us create a website specifically for you.<\/p>\n","protected":false},"author":1,"featured_media":0,"parent":2829,"menu_order":0,"comment_status":"closed","ping_status":"closed","template":"","meta":{"footnotes":""},"class_list":["post-2857","page","type-page","status-publish","hentry"],"aioseo_notices":[],"_links":{"self":[{"href":"https:\/\/fikrinevi.com\/en\/wp-json\/wp\/v2\/pages\/2857","targetHints":{"allow":["GET"]}}],"collection":[{"href":"https:\/\/fikrinevi.com\/en\/wp-json\/wp\/v2\/pages"}],"about":[{"href":"https:\/\/fikrinevi.com\/en\/wp-json\/wp\/v2\/types\/page"}],"author":[{"embeddable":true,"href":"https:\/\/fikrinevi.com\/en\/wp-json\/wp\/v2\/users\/1"}],"replies":[{"embeddable":true,"href":"https:\/\/fikrinevi.com\/en\/wp-json\/wp\/v2\/comments?post=2857"}],"version-history":[{"count":0,"href":"https:\/\/fikrinevi.com\/en\/wp-json\/wp\/v2\/pages\/2857\/revisions"}],"up":[{"embeddable":true,"href":"https:\/\/fikrinevi.com\/en\/wp-json\/wp\/v2\/pages\/2829"}],"wp:attachment":[{"href":"https:\/\/fikrinevi.com\/en\/wp-json\/wp\/v2\/media?parent=2857"}],"curies":[{"name":"wp","href":"https:\/\/api.w.org\/{rel}","templated":true}]}}