{"id":2870,"date":"2024-01-21T09:12:06","date_gmt":"2024-01-21T06:12:06","guid":{"rendered":"https:\/\/fikrinevi.com\/gdpr-clarification-text\/"},"modified":"2025-11-26T14:42:37","modified_gmt":"2025-11-26T11:42:37","slug":"gdpr-clarification-text","status":"publish","type":"page","link":"https:\/\/fikrinevi.com\/en\/gdpr-clarification-text\/","title":{"rendered":"GDPR Clarification Text"},"content":{"rendered":"\t\t<div data-elementor-type=\"wp-page\" data-elementor-id=\"2870\" class=\"elementor elementor-2870 elementor-2082\" data-elementor-post-type=\"page\">\n\t\t\t\t<div class=\"elementor-element elementor-element-04d928e e-flex e-con-boxed e-con e-parent\" data-id=\"04d928e\" data-element_type=\"container\" data-e-type=\"container\" data-settings=\"{&quot;background_background&quot;:&quot;classic&quot;}\">\n\t\t\t\t\t<div class=\"e-con-inner\">\n\t\t<div class=\"elementor-element elementor-element-f34c0a5 e-con-full e-flex e-con e-child\" data-id=\"f34c0a5\" data-element_type=\"container\" data-e-type=\"container\">\n\t\t\t\t<div class=\"elementor-element elementor-element-e4d8c42 elementor-widget-mobile__width-initial elementor-widget-tablet__width-inherit elementor-widget elementor-widget-heading\" data-id=\"e4d8c42\" data-element_type=\"widget\" data-e-type=\"widget\" data-widget_type=\"heading.default\">\n\t\t\t\t<div class=\"elementor-widget-container\">\n\t\t\t\t\t<h1 class=\"elementor-heading-title elementor-size-default\">GDPR Clarification Text<\/h1>\t\t\t\t<\/div>\n\t\t\t\t<\/div>\n\t\t\t\t<div class=\"elementor-element elementor-element-437b6f4 elementor-widget-mobile__width-initial elementor-widget-tablet__width-inherit elementor-widget elementor-widget-heading\" data-id=\"437b6f4\" data-element_type=\"widget\" data-e-type=\"widget\" data-widget_type=\"heading.default\">\n\t\t\t\t<div class=\"elementor-widget-container\">\n\t\t\t\t\t<h2 class=\"elementor-heading-title elementor-size-default\">Information Text Regarding the Processing of Personal Data<\/h2>\t\t\t\t<\/div>\n\t\t\t\t<\/div>\n\t\t\t\t<div class=\"elementor-element elementor-element-2564186 elementor-widget__width-inherit elementor-widget-mobile__width-inherit elementor-widget elementor-widget-text-editor\" data-id=\"2564186\" data-element_type=\"widget\" data-e-type=\"widget\" data-widget_type=\"text-editor.default\">\n\t\t\t\t<div class=\"elementor-widget-container\">\n\t\t\t\t\t\t\t\t\t<p>Fikrinevi Advertising Agency Inc. (&#8220;Fikrinevi&#8221;), this information text has been prepared in order to inform our customers about the personal data we process within the scope of our commercial activities in accordance with the Personal Data Protection Law No. 6698 (&#8220;Law&#8221;) and relevant legislation.<\/p>\n\t\t\t\t\t\t\t\t<\/div>\n\t\t\t\t<\/div>\n\t\t\t\t<\/div>\n\t\t<div class=\"elementor-element elementor-element-c5b75a0 e-con-full e-flex e-con e-child\" data-id=\"c5b75a0\" data-element_type=\"container\" data-e-type=\"container\">\n\t\t\t\t<div class=\"elementor-element elementor-element-7a00ff5 elementor-widget-mobile__width-initial elementor-widget-tablet__width-inherit elementor-widget elementor-widget-heading\" data-id=\"7a00ff5\" data-element_type=\"widget\" data-e-type=\"widget\" data-widget_type=\"heading.default\">\n\t\t\t\t<div class=\"elementor-widget-container\">\n\t\t\t\t\t<h2 class=\"elementor-heading-title elementor-size-default\">1. Identity of the Data Controller<\/h2>\t\t\t\t<\/div>\n\t\t\t\t<\/div>\n\t\t\t\t<div class=\"elementor-element elementor-element-ad222e5 elementor-widget__width-inherit elementor-widget-mobile__width-inherit elementor-widget elementor-widget-text-editor\" data-id=\"ad222e5\" data-element_type=\"widget\" data-e-type=\"widget\" data-widget_type=\"text-editor.default\">\n\t\t\t\t<div class=\"elementor-widget-container\">\n\t\t\t\t\t\t\t\t\t<p>Data Controller: Fikrinevi Reklam Ajans\u0131 A.\u015e. \u00c7eliktepe Mah. \u0130smet \u0130n\u00f6n\u00fc Cad. Bulut \u0130\u015f Merkezi No. 8 \/ 411 Ka\u011f\u0131thane \/ \u0130stanbul<\/p>\n\t\t\t\t\t\t\t\t<\/div>\n\t\t\t\t<\/div>\n\t\t\t\t<\/div>\n\t\t<div class=\"elementor-element elementor-element-03d5eec e-con-full e-flex e-con e-child\" data-id=\"03d5eec\" data-element_type=\"container\" data-e-type=\"container\">\n\t\t\t\t<div class=\"elementor-element elementor-element-a45134f elementor-widget-mobile__width-initial elementor-widget-tablet__width-inherit elementor-widget elementor-widget-heading\" data-id=\"a45134f\" data-element_type=\"widget\" data-e-type=\"widget\" data-widget_type=\"heading.default\">\n\t\t\t\t<div class=\"elementor-widget-container\">\n\t\t\t\t\t<h2 class=\"elementor-heading-title elementor-size-default\">2. Purpose of Processing Personal Data<\/h2>\t\t\t\t<\/div>\n\t\t\t\t<\/div>\n\t\t\t\t<div class=\"elementor-element elementor-element-0f0d215 elementor-widget__width-inherit elementor-widget-mobile__width-inherit elementor-widget elementor-widget-text-editor\" data-id=\"0f0d215\" data-element_type=\"widget\" data-e-type=\"widget\" data-widget_type=\"text-editor.default\">\n\t\t\t\t<div class=\"elementor-widget-container\">\n\t\t\t\t\t\t\t\t\t<ul class=\"list list-circle\">\n<li>Carrying out online sales activities<\/li>\n<li>Providing and carrying out after-sales support services<\/li>\n<li>Carrying out activities in accordance with the legislation<\/li>\n<li>Carrying out financial and accounting affairs<\/li>\n<li>Follow-up and execution of legal affairs<\/li>\n<li>Execution of contract processes<\/li>\n<li>Conduct and control of business activities<\/li>\n<li>Carrying out activities to ensure business continuity<\/li>\n<li>Execution of sales processes<\/li>\n<li>Carrying out storage and archive activities<\/li>\n<li>Carrying out strategic planning activities<\/li>\n<li>Execution of investment processes<\/li>\n<li>Carrying out management activities<\/li>\n<\/ul>\n\t\t\t\t\t\t\t\t<\/div>\n\t\t\t\t<\/div>\n\t\t\t\t<\/div>\n\t\t<div class=\"elementor-element elementor-element-6ddbf49 e-con-full e-flex e-con e-child\" data-id=\"6ddbf49\" data-element_type=\"container\" data-e-type=\"container\">\n\t\t\t\t<div class=\"elementor-element elementor-element-8c14c99 elementor-widget-mobile__width-initial elementor-widget-tablet__width-inherit elementor-widget elementor-widget-heading\" data-id=\"8c14c99\" data-element_type=\"widget\" data-e-type=\"widget\" data-widget_type=\"heading.default\">\n\t\t\t\t<div class=\"elementor-widget-container\">\n\t\t\t\t\t<h2 class=\"elementor-heading-title elementor-size-default\">3. Transfer of Personal Data<\/h2>\t\t\t\t<\/div>\n\t\t\t\t<\/div>\n\t\t\t\t<div class=\"elementor-element elementor-element-155c3de elementor-widget__width-inherit elementor-widget-mobile__width-inherit elementor-widget elementor-widget-text-editor\" data-id=\"155c3de\" data-element_type=\"widget\" data-e-type=\"widget\" data-widget_type=\"text-editor.default\">\n\t\t\t\t<div class=\"elementor-widget-container\">\n\t\t\t\t\t\t\t\t\t<p>Personal data within the scope of the data processing purposes stated above;<\/p>\n<ul class=\"list list-circle\">\n<li>In accordance with the relevant legislation provisions, audit companies, financial advisors,<\/li>\n<li>To law offices,<\/li>\n<li>Contracted third party companies to provide online sales services,<\/li>\n<li>To banks and financial institutions,<\/li>\n<li>It can be transferred to legally authorized public institutions and organizations in line with the requests of the relevant public institutions and organizations and limited to the purposes of the request.<\/li>\n<\/ul>\n\t\t\t\t\t\t\t\t<\/div>\n\t\t\t\t<\/div>\n\t\t\t\t<\/div>\n\t\t<div class=\"elementor-element elementor-element-40016cc e-con-full e-flex e-con e-child\" data-id=\"40016cc\" data-element_type=\"container\" data-e-type=\"container\">\n\t\t\t\t<div class=\"elementor-element elementor-element-8ba439f elementor-widget-mobile__width-initial elementor-widget-tablet__width-inherit elementor-widget elementor-widget-heading\" data-id=\"8ba439f\" data-element_type=\"widget\" data-e-type=\"widget\" data-widget_type=\"heading.default\">\n\t\t\t\t<div class=\"elementor-widget-container\">\n\t\t\t\t\t<h2 class=\"elementor-heading-title elementor-size-default\">4. Collection Method and Legal Reason for Personal Data<\/h2>\t\t\t\t<\/div>\n\t\t\t\t<\/div>\n\t\t\t\t<div class=\"elementor-element elementor-element-d6fbaa3 elementor-widget__width-inherit elementor-widget-mobile__width-inherit elementor-widget elementor-widget-text-editor\" data-id=\"d6fbaa3\" data-element_type=\"widget\" data-e-type=\"widget\" data-widget_type=\"text-editor.default\">\n\t\t\t\t<div class=\"elementor-widget-container\">\n\t\t\t\t\t\t\t\t\tYour personal data is collected through the website, various contracts, all kinds of information forms, with your express consent or within the scope of other data processing conditions stipulated in the Law.\n\nThis information is obtained for the purposes of presenting our commercial activities within the framework of the law and, in this context, for Fikrinevi to continue its commercial life and to fulfill its responsibilities arising from the law completely and accurately.\t\t\t\t\t\t\t\t<\/div>\n\t\t\t\t<\/div>\n\t\t\t\t<\/div>\n\t\t<div class=\"elementor-element elementor-element-931b154 e-con-full e-flex e-con e-child\" data-id=\"931b154\" data-element_type=\"container\" data-e-type=\"container\">\n\t\t\t\t<div class=\"elementor-element elementor-element-4737a06 elementor-widget-mobile__width-initial elementor-widget-tablet__width-inherit elementor-widget elementor-widget-heading\" data-id=\"4737a06\" data-element_type=\"widget\" data-e-type=\"widget\" data-widget_type=\"heading.default\">\n\t\t\t\t<div class=\"elementor-widget-container\">\n\t\t\t\t\t<h2 class=\"elementor-heading-title elementor-size-default\">Rights of Relevant Persons Specified in Article 11 of the Law<\/h2>\t\t\t\t<\/div>\n\t\t\t\t<\/div>\n\t\t\t\t<div class=\"elementor-element elementor-element-9b768a9 elementor-widget__width-inherit elementor-widget-mobile__width-inherit elementor-widget elementor-widget-text-editor\" data-id=\"9b768a9\" data-element_type=\"widget\" data-e-type=\"widget\" data-widget_type=\"text-editor.default\">\n\t\t\t\t<div class=\"elementor-widget-container\">\n\t\t\t\t\t\t\t\t\t<p>In accordance with Article 11 of the Law, each relevant person; By applying with a notice sent to Fikrinevi&#8217;s address mentioned above via a notary or by applying in person by presenting your ID;<\/p>\n<p><strong>a)<\/strong> Learning whether personal data is processed or not,<\/p>\n<p><strong>b)<\/strong> Requesting information if personal data has been processed,<\/p>\n<p><strong>c)<\/strong> Learning the purpose of processing personal data and whether they are used for their intended purpose,<\/p>\n<p><strong>\u00e7)<\/strong> Knowing the third parties to whom personal data is transferred at home or abroad,<\/p>\n<p><strong>d)<\/strong> Requesting correction of personal data if they are incomplete or incorrectly processed,<\/p>\n<p><strong>e)<\/strong> Requesting the deletion or destruction of personal data within the framework of the conditions stipulated in Article 7 of the Law,<\/p>\n<p><strong>f)<\/strong> Requesting that the transactions carried out in accordance with paragraphs (d) and (e) be notified to third parties to whom personal data is transferred,<\/p>\n<p><strong>g)<\/strong> Objecting to the emergence of a result that is unfavorable to the individual by analyzing the processed data exclusively through automatic systems,<\/p>\n<p><strong>\u011f)<\/strong> Requesting compensation for the damage in case of damage due to illegal processing of personal data,<\/p>\n\t\t\t\t\t\t\t\t<\/div>\n\t\t\t\t<\/div>\n\t\t\t\t<\/div>\n\t\t<div class=\"elementor-element elementor-element-bef5323 e-con-full e-flex e-con e-child\" data-id=\"bef5323\" data-element_type=\"container\" data-e-type=\"container\">\n\t\t\t\t<div class=\"elementor-element elementor-element-f8ecdef elementor-widget-mobile__width-initial elementor-widget-tablet__width-inherit elementor-widget elementor-widget-heading\" data-id=\"f8ecdef\" data-element_type=\"widget\" data-e-type=\"widget\" data-widget_type=\"heading.default\">\n\t\t\t\t<div class=\"elementor-widget-container\">\n\t\t\t\t\t<h2 class=\"elementor-heading-title elementor-size-default\">Explicit Consent Text for the Processing of Personal Data<\/h2>\t\t\t\t<\/div>\n\t\t\t\t<\/div>\n\t\t\t\t<div class=\"elementor-element elementor-element-ad83efd elementor-widget__width-inherit elementor-widget-mobile__width-inherit elementor-widget elementor-widget-text-editor\" data-id=\"ad83efd\" data-element_type=\"widget\" data-e-type=\"widget\" data-widget_type=\"text-editor.default\">\n\t\t\t\t<div class=\"elementor-widget-container\">\n\t\t\t\t\t\t\t\t\t<p>Fikrinevi Advertising Agency Inc. (\u201cFikrinevi\u201d) has the title of \u201cdata controller\u201d within the scope of the Personal Data Protection Law No. 6698 (\u201cLaw\u201d). This Explicit Consent Text aims to obtain the explicit consent of Fikrinevi customers for the following situations where the personal data processing conditions in the Law cannot be met.<\/p>\n<p>In cases that do not require explicit consent, data processing activities are continued within the scope of the Information Text, and in cases that require explicit consent, data is processed in accordance with the basic principles stated in the Information Text.<\/p>\n<p>Accordingly, personal data is processed by Fikrinevi,<\/p>\n<ul class=\"list list-circle\">\n<li>Sending me communication messages and e-mails for sales, marketing and promotional purposes regarding products, services, stores and campaigns,<\/li>\n<li>Determining my opinions and complaints regarding products and services,<\/li>\n<li>Profiling and creating reports regarding my likes, hobbies, personal tastes, pages I visit, orders and complaints in order to receive more efficient and better service,<\/li>\n<li>Carrying out marketing activities,<\/li>\n<li>Establishing my membership procedures,<\/li>\n<li>Delivery of printed materials for membership and promotional\/advertising purposes,\n<\/li>\n<\/ul>\n<p>and may be shared with the parties specified in the Information Text for these purposes.<\/p>\n\t\t\t\t\t\t\t\t<\/div>\n\t\t\t\t<\/div>\n\t\t\t\t<\/div>\n\t\t\t\t\t<\/div>\n\t\t\t\t<\/div>\n\t\t\t\t<\/div>\n\t\t","protected":false},"excerpt":{"rendered":"<p>GDPR Clarification Text Information Text Regarding the Processing of Personal Data Fikrinevi Advertising Agency Inc. (&#8220;Fikrinevi&#8221;), this information text has been prepared in order to inform our customers about the personal data we process within the scope of our commercial activities in accordance with the Personal Data Protection Law No. 6698 (&#8220;Law&#8221;) and relevant legislation. [&hellip;]<\/p>\n","protected":false},"author":1,"featured_media":0,"parent":0,"menu_order":0,"comment_status":"closed","ping_status":"closed","template":"","meta":{"footnotes":""},"class_list":["post-2870","page","type-page","status-publish","hentry"],"aioseo_notices":[],"_links":{"self":[{"href":"https:\/\/fikrinevi.com\/en\/wp-json\/wp\/v2\/pages\/2870","targetHints":{"allow":["GET"]}}],"collection":[{"href":"https:\/\/fikrinevi.com\/en\/wp-json\/wp\/v2\/pages"}],"about":[{"href":"https:\/\/fikrinevi.com\/en\/wp-json\/wp\/v2\/types\/page"}],"author":[{"embeddable":true,"href":"https:\/\/fikrinevi.com\/en\/wp-json\/wp\/v2\/users\/1"}],"replies":[{"embeddable":true,"href":"https:\/\/fikrinevi.com\/en\/wp-json\/wp\/v2\/comments?post=2870"}],"version-history":[{"count":0,"href":"https:\/\/fikrinevi.com\/en\/wp-json\/wp\/v2\/pages\/2870\/revisions"}],"wp:attachment":[{"href":"https:\/\/fikrinevi.com\/en\/wp-json\/wp\/v2\/media?parent=2870"}],"curies":[{"name":"wp","href":"https:\/\/api.w.org\/{rel}","templated":true}]}}